{"id":4624,"date":"2025-01-09T12:11:37","date_gmt":"2025-01-09T12:11:37","guid":{"rendered":"https:\/\/www.pack-novate.com\/?page_id=4624"},"modified":"2025-01-09T12:25:20","modified_gmt":"2025-01-09T12:25:20","slug":"appointment","status":"publish","type":"page","link":"https:\/\/www.pack-novate.com\/es\/appointment\/","title":{"rendered":"Cita"},"content":{"rendered":"<div data-elementor-type=\"wp-page\" data-elementor-id=\"4624\" class=\"elementor elementor-4624\" data-elementor-settings=\"{&quot;element_pack_global_tooltip_width&quot;:{&quot;unit&quot;:&quot;px&quot;,&quot;size&quot;:&quot;&quot;,&quot;sizes&quot;:[]},&quot;element_pack_global_tooltip_width_tablet&quot;:{&quot;unit&quot;:&quot;px&quot;,&quot;size&quot;:&quot;&quot;,&quot;sizes&quot;:[]},&quot;element_pack_global_tooltip_width_mobile&quot;:{&quot;unit&quot;:&quot;px&quot;,&quot;size&quot;:&quot;&quot;,&quot;sizes&quot;:[]},&quot;element_pack_global_tooltip_padding&quot;:{&quot;unit&quot;:&quot;px&quot;,&quot;top&quot;:&quot;&quot;,&quot;right&quot;:&quot;&quot;,&quot;bottom&quot;:&quot;&quot;,&quot;left&quot;:&quot;&quot;,&quot;isLinked&quot;:true},&quot;element_pack_global_tooltip_padding_tablet&quot;:{&quot;unit&quot;:&quot;px&quot;,&quot;top&quot;:&quot;&quot;,&quot;right&quot;:&quot;&quot;,&quot;bottom&quot;:&quot;&quot;,&quot;left&quot;:&quot;&quot;,&quot;isLinked&quot;:true},&quot;element_pack_global_tooltip_padding_mobile&quot;:{&quot;unit&quot;:&quot;px&quot;,&quot;top&quot;:&quot;&quot;,&quot;right&quot;:&quot;&quot;,&quot;bottom&quot;:&quot;&quot;,&quot;left&quot;:&quot;&quot;,&quot;isLinked&quot;:true},&quot;element_pack_global_tooltip_border_radius&quot;:{&quot;unit&quot;:&quot;px&quot;,&quot;top&quot;:&quot;&quot;,&quot;right&quot;:&quot;&quot;,&quot;bottom&quot;:&quot;&quot;,&quot;left&quot;:&quot;&quot;,&quot;isLinked&quot;:true},&quot;element_pack_global_tooltip_border_radius_tablet&quot;:{&quot;unit&quot;:&quot;px&quot;,&quot;top&quot;:&quot;&quot;,&quot;right&quot;:&quot;&quot;,&quot;bottom&quot;:&quot;&quot;,&quot;left&quot;:&quot;&quot;,&quot;isLinked&quot;:true},&quot;element_pack_global_tooltip_border_radius_mobile&quot;:{&quot;unit&quot;:&quot;px&quot;,&quot;top&quot;:&quot;&quot;,&quot;right&quot;:&quot;&quot;,&quot;bottom&quot;:&quot;&quot;,&quot;left&quot;:&quot;&quot;,&quot;isLinked&quot;:true}}\" data-elementor-post-type=\"page\">\n\t\t\t\t\t\t<section class=\"elementor-section elementor-top-section elementor-element elementor-element-6a0ad18 elementor-section-boxed elementor-section-height-default elementor-section-height-default\" data-id=\"6a0ad18\" data-element_type=\"section\" data-e-type=\"section\">\r\n\t\t\r\n\t\t\t\t\t\t\t<div class=\"elementor-container elementor-column-gap-no\">\r\n\t\t\t\t\t\t\t\t\t\t\t<div class=\"elementor-column elementor-col-100 elementor-top-column elementor-element elementor-element-b4a2396\" data-id=\"b4a2396\" data-element_type=\"column\" data-e-type=\"column\">\r\n\t\t\t\t\t<div class=\"elementor-widget-wrap elementor-element-populated\">\r\n\t\t\t\t\t\t\t\t<div class=\"elementor-element elementor-element-a18b22f m-b-md mt-4 pt-2 elementor-widget elementor-widget-heading\" data-id=\"a18b22f\" data-element_type=\"widget\" data-e-type=\"widget\" data-widget_type=\"heading.default\">\n\t\t\t\t<div class=\"elementor-widget-container\">\n\t\t\t\t\t<p class=\"elementor-heading-title elementor-size-default\">Desde nuestros humildes comienzos hasta convertirnos en l\u00edderes en nuestro sector, hemos brindado constantemente servicios y soluciones de alta calidad, adaptados a las necesidades \u00fanicas de nuestros clientes. Nuestro compromiso con la excelencia y la confiabilidad impulsa todo lo que hacemos, garantizando el \u00e9xito y la satisfacci\u00f3n a largo plazo de quienes servimos.<\/p>\t\t\t\t<\/div>\n\t\t\t\t<\/div>\n\t\t\t\t<div class=\"elementor-element elementor-element-1ada881  pb-3 m-b-md elementor-widget elementor-widget-heading\" data-id=\"1ada881\" data-element_type=\"widget\" data-e-type=\"widget\" data-widget_type=\"heading.default\">\n\t\t\t\t<div class=\"elementor-widget-container\">\n\t\t\t\t\t<p class=\"elementor-heading-title elementor-size-default\">P\u00f3ngase en contacto con nosotros hoy y perm\u00edtanos ayudarle a alcanzar sus objetivos comerciales.\n\n\n\n\n\n\n<\/p>\t\t\t\t<\/div>\n\t\t\t\t<\/div>\n\t\t\t\t<div class=\"elementor-element elementor-element-4aa409e custom-form-style-1 elementor-widget elementor-widget-porto_contact_form\" data-id=\"4aa409e\" data-element_type=\"widget\" data-e-type=\"widget\" data-widget_type=\"porto_contact_form.default\">\n\t\t\t\t<div class=\"elementor-widget-container\">\n\t\t\t\t\t\n<div class=\"wpcf7 no-js\" id=\"wpcf7-f4626-o1\" lang=\"en-US\" dir=\"ltr\" data-wpcf7-id=\"4626\">\n<div class=\"screen-reader-response\"><p role=\"status\" aria-live=\"polite\" aria-atomic=\"true\"><\/p> <ul><\/ul><\/div>\n<form action=\"\/es\/wp-json\/wp\/v2\/pages\/4624#wpcf7-f4626-o1\" method=\"post\" class=\"wpcf7-form init\" aria-label=\"Formulario de contacto\" novalidate=\"novalidate\" data-status=\"init\" data-trp-original-action=\"\/es\/wp-json\/wp\/v2\/pages\/4624#wpcf7-f4626-o1\">\n<fieldset class=\"hidden-fields-container\"><input type=\"hidden\" name=\"_wpcf7\" value=\"4626\" \/><input type=\"hidden\" name=\"_wpcf7_version\" value=\"6.1.5\" \/><input type=\"hidden\" name=\"_wpcf7_locale\" value=\"en_US\" \/><input type=\"hidden\" name=\"_wpcf7_unit_tag\" value=\"wpcf7-f4626-o1\" \/><input type=\"hidden\" name=\"_wpcf7_container_post\" value=\"0\" \/><input type=\"hidden\" name=\"_wpcf7_posted_data_hash\" value=\"\" \/>\n<\/fieldset>\n<div class=\"form-row\">\n    <div class=\"col\">\n        <h2 class=\"text-color-dark font-weight-bold text-4-5 mb-3\">Informaci\u00f3n personal:<\/h2>\n    <\/div>\n<\/div>\n<div class=\"form-row\">\n    <div class=\"form-group col-md-6 mb-3\">\n        <span class=\"wpcf7-form-control-wrap\" data-name=\"firstName\"><input size=\"40\" maxlength=\"400\" class=\"wpcf7-form-control wpcf7-text wpcf7-validates-as-required form-control\" id=\"firstName\" aria-required=\"true\" aria-invalid=\"false\" placeholder=\"Nombre de pila\" value=\"\" type=\"text\" name=\"firstName\" \/><\/span>\n    <\/div>\n    <div class=\"form-group col-md-6 mb-3\">\n        <span class=\"wpcf7-form-control-wrap\" data-name=\"lastName\"><input size=\"40\" maxlength=\"400\" class=\"wpcf7-form-control wpcf7-text wpcf7-validates-as-required form-control\" id=\"lastName\" aria-required=\"true\" aria-invalid=\"false\" placeholder=\"Apellido\" value=\"\" type=\"text\" name=\"lastName\" \/><\/span>\n    <\/div>\n<\/div>\n<div class=\"form-row mb-3\">\n    <div class=\"form-group col-md-6 mb-3\">\n        <span class=\"wpcf7-form-control-wrap\" data-name=\"email\"><input size=\"40\" maxlength=\"400\" class=\"wpcf7-form-control wpcf7-email wpcf7-validates-as-required wpcf7-text wpcf7-validates-as-email form-control\" id=\"email\" aria-required=\"true\" aria-invalid=\"false\" placeholder=\"Direcci\u00f3n de correo electr\u00f3nico\" value=\"\" type=\"email\" name=\"email\" \/><\/span>\n    <\/div>\n    <div class=\"form-group col-md-6 mb-3\">\n        <span class=\"wpcf7-form-control-wrap\" data-name=\"phone\"><input size=\"40\" maxlength=\"400\" class=\"wpcf7-form-control wpcf7-tel wpcf7-validates-as-required wpcf7-text wpcf7-validates-as-tel form-control\" id=\"phone\" aria-required=\"true\" aria-invalid=\"false\" placeholder=\"Tel\u00e9fono\" value=\"\" type=\"tel\" name=\"phone\" \/><\/span>\n    <\/div>\n<\/div>\n\n<div class=\"form-row\">\n    <div class=\"col\">\n        <h2 class=\"text-color-dark font-weight-bold text-4-5 mb-3\">D\u00edganos el motivo de su cita:<\/h2>\n    <\/div>\n<\/div>\n<div class=\"form-row mb-3\">\n    <div class=\"form-group col\">\n        <span class=\"wpcf7-form-control-wrap\" data-name=\"reason\"><textarea cols=\"40\" rows=\"10\" maxlength=\"2000\" class=\"wpcf7-form-control wpcf7-textarea wpcf7-validates-as-required form-control\" id=\"reason\" aria-required=\"true\" aria-invalid=\"false\" placeholder=\"Motivo de la cita\" name=\"reason\"><\/textarea><\/span>\n    <\/div>\n<\/div>\n\n<div class=\"form-row\">\n    <div class=\"col\">\n        <h2 class=\"text-color-dark font-weight-bold text-4-5 mb-1\">Elija fecha y hora:<\/h2>\n    <\/div>\n<\/div>\n<div class=\"form-row mb-2\">\n    <div class=\"col-lg-6\">\n        <div class=\"form-row\">\n            <div class=\"col\">\n                <p class=\"font-weight-semibold mb-2\">PRIMERA OPCI\u00d3N<\/p>\n            <\/div>\n        <\/div>\n        <div class=\"form-row\">\n            <div class=\"form-group col-md-6\">\n                <span class=\"wpcf7-form-control-wrap\" data-name=\"firstDate\"><input class=\"wpcf7-form-control wpcf7-date wpcf7-validates-as-required wpcf7-validates-as-date form-control\" id=\"firstDate\" aria-required=\"true\" aria-invalid=\"false\" placeholder=\"Fecha\" value=\"\" type=\"date\" name=\"firstDate\" \/><\/span>\n            <\/div>\n            <div class=\"form-group col-md-6\">\n                <span class=\"wpcf7-form-control-wrap\" data-name=\"firstTime\"><input size=\"40\" maxlength=\"400\" class=\"wpcf7-form-control wpcf7-text wpcf7-validates-as-required form-control\" id=\"firstTime\" aria-required=\"true\" aria-invalid=\"false\" placeholder=\"Hora (por ejemplo, 9:00 a. m.)\" value=\"\" type=\"text\" name=\"firstTime\" \/><\/span>\n            <\/div>\n        <\/div>\n    <\/div>\n    <div class=\"col-lg-6\">\n        <div class=\"form-row\">\n            <div class=\"col\">\n                <p class=\"font-weight-semibold mb-2\">SEGUNDA OPCI\u00d3N<\/p>\n            <\/div>\n        <\/div>\n        <div class=\"form-row\">\n            <div class=\"form-group col-md-6\">\n                <span class=\"wpcf7-form-control-wrap\" data-name=\"secondDate\"><input class=\"wpcf7-form-control wpcf7-date wpcf7-validates-as-required wpcf7-validates-as-date form-control\" id=\"secondDate\" aria-required=\"true\" aria-invalid=\"false\" placeholder=\"Fecha\" value=\"\" type=\"date\" name=\"secondDate\" \/><\/span>\n            <\/div>\n            <div class=\"form-group col-md-6\">\n                <span class=\"wpcf7-form-control-wrap\" data-name=\"secondTime\"><input size=\"40\" maxlength=\"400\" class=\"wpcf7-form-control wpcf7-text wpcf7-validates-as-required form-control\" id=\"secondTime\" aria-required=\"true\" aria-invalid=\"false\" placeholder=\"Hora (por ejemplo, 9:00 a. m.)\" value=\"\" type=\"text\" name=\"secondTime\" \/><\/span>\n            <\/div>\n        <\/div>\n    <\/div>\n<\/div>\n\n<div class=\"form-row pb-2 mb-4\">\n    <div class=\"col\">\n        <div class=\"alert alert-warning custom-alert-bg-color-1\">\n            <p class=\"text-2 mb-0\"><i class=\"fas fa-info-circle me-1\"><\/i> Tenga en cuenta que la fecha y hora solicitadas podr\u00edan no estar disponibles. Nos pondremos en contacto con usted para confirmar los detalles de su cita.<\/p>\n        <\/div>\n    <\/div>\n<\/div>\n\n<!-- Spam Protection (Math Question) -->\n<div class=\"form-row\">\n    <div class=\"form-group col mb-3\">\n        <label for=\"mathAnswer\" style=\"font-weight: bold; color: #333;\"><span class=\"wpcf7-form-control-wrap\" data-name=\"quiz-568\"><label><span class=\"wpcf7-quiz-label\">20 + 5 =<\/span> <input size=\"40\" class=\"wpcf7-form-control wpcf7-quiz\" autocomplete=\"off\" aria-required=\"true\" aria-invalid=\"false\" type=\"text\" name=\"quiz-568\" \/><\/label><input type=\"hidden\" name=\"_wpcf7_quiz_answer_quiz-568\" value=\"ef16478259537ccd435020953aa83952\" \/><\/span><\/label>\n    <\/div>\n<\/div>\n\n<div class=\"form-row\">\n    <div class=\"form-group col mb-0\">\n        <input class=\"wpcf7-form-control wpcf7-submit has-spinner vc_btn3 vc_btn3-shape-rounded vc_btn3-icon-right font-weight-bold btn btn-full-rounded btn-md btn-primary font-size-md py-3 px-5\" type=\"submit\" value=\"Entregar\" \/>\n    <\/div>\n<\/div><p style=\"display: none !important;\" class=\"akismet-fields-container\" data-prefix=\"_wpcf7_ak_\"><label>\u0394<textarea name=\"_wpcf7_ak_hp_textarea\" cols=\"45\" rows=\"8\" maxlength=\"100\"><\/textarea><\/label><input type=\"hidden\" id=\"ak_js_1\" name=\"_wpcf7_ak_js\" value=\"30\"\/><script>document.getElementById( \"ak_js_1\" ).setAttribute( \"value\", ( new Date() ).getTime() );<\/script><\/p><div class=\"wpcf7-response-output\" aria-hidden=\"true\"><\/div>\n<input type=\"hidden\" name=\"trp-form-language\" value=\"es\"\/><\/form>\n<\/div>\n\t\t\t\t<\/div>\n\t\t\t\t<\/div>\n\t\t\t\t\t<\/div>\r\n\t\t\t\t<\/div>\r\n\t\t\t\t\t<\/div>\r\n\t\t\t\t<\/section>\r\n\t\t\t\t<\/div>","protected":false},"excerpt":{"rendered":"<p>From humble beginnings to becoming a leader in our field, we have consistently delivered top-quality services and solutions tailored to meet the unique needs of our clients. Our commitment to excellence and reliability drives everything we do, ensuring long-term success and satisfaction for those we serve. Get in touch today and let us assist you [&hellip;]<\/p>\n","protected":false},"author":1,"featured_media":0,"parent":0,"menu_order":0,"comment_status":"closed","ping_status":"closed","template":"","meta":{"footnotes":""},"class_list":["post-4624","page","type-page","status-publish","hentry"],"yoast_head":"<!-- This site is optimized with the Yoast SEO Premium plugin v27.0 (Yoast SEO v27.0) - https:\/\/yoast.com\/product\/yoast-seo-premium-wordpress\/ -->\n<title>Appointment | Pack Novate<\/title>\n<meta name=\"robots\" content=\"index, follow, max-snippet:-1, max-image-preview:large, max-video-preview:-1\" \/>\n<link rel=\"canonical\" href=\"https:\/\/www.pack-novate.com\/es\/appointment\/\" \/>\n<meta property=\"og:locale\" content=\"es_ES\" \/>\n<meta property=\"og:type\" content=\"article\" \/>\n<meta property=\"og:title\" content=\"Appointment\" \/>\n<meta property=\"og:description\" content=\"From humble beginnings to becoming a leader in our field, we have consistently delivered top-quality services and solutions tailored to meet the unique needs of our clients. Our commitment to excellence and reliability drives everything we do, ensuring long-term success and satisfaction for those we serve. Get in touch today and let us assist you [&hellip;]\" \/>\n<meta property=\"og:url\" content=\"https:\/\/www.pack-novate.com\/es\/appointment\/\" \/>\n<meta property=\"og:site_name\" content=\"Pack Novate\" \/>\n<meta property=\"article:publisher\" content=\"https:\/\/www.facebook.com\/packnovate\/\" \/>\n<meta property=\"article:modified_time\" content=\"2025-01-09T12:25:20+00:00\" \/>\n<meta name=\"twitter:card\" content=\"summary_large_image\" \/>\n<meta name=\"twitter:site\" content=\"@PackNovate\" \/>\n<meta name=\"twitter:label1\" content=\"Tiempo de lectura\" \/>\n\t<meta name=\"twitter:data1\" content=\"1 minuto\" \/>\n<script type=\"application\/ld+json\" class=\"yoast-schema-graph\">{\"@context\":\"https:\/\/schema.org\",\"@graph\":[{\"@type\":\"WebPage\",\"@id\":\"https:\/\/www.pack-novate.com\/appointment\/\",\"url\":\"https:\/\/www.pack-novate.com\/appointment\/\",\"name\":\"Appointment | Pack Novate\",\"isPartOf\":{\"@id\":\"https:\/\/www.pack-novate.com\/#website\"},\"datePublished\":\"2025-01-09T12:11:37+00:00\",\"dateModified\":\"2025-01-09T12:25:20+00:00\",\"breadcrumb\":{\"@id\":\"https:\/\/www.pack-novate.com\/appointment\/#breadcrumb\"},\"inLanguage\":\"es\",\"potentialAction\":[{\"@type\":\"ReadAction\",\"target\":[\"https:\/\/www.pack-novate.com\/appointment\/\"]}]},{\"@type\":\"BreadcrumbList\",\"@id\":\"https:\/\/www.pack-novate.com\/appointment\/#breadcrumb\",\"itemListElement\":[{\"@type\":\"ListItem\",\"position\":1,\"name\":\"Home\",\"item\":\"https:\/\/www.pack-novate.com\/\"},{\"@type\":\"ListItem\",\"position\":2,\"name\":\"Appointment\"}]},{\"@type\":\"WebSite\",\"@id\":\"https:\/\/www.pack-novate.com\/#website\",\"url\":\"https:\/\/www.pack-novate.com\/\",\"name\":\"Pack Novate\",\"description\":\"Advanced Solutions for Modern Packaging\",\"publisher\":{\"@id\":\"https:\/\/www.pack-novate.com\/#organization\"},\"potentialAction\":[{\"@type\":\"SearchAction\",\"target\":{\"@type\":\"EntryPoint\",\"urlTemplate\":\"https:\/\/www.pack-novate.com\/?s={search_term_string}\"},\"query-input\":{\"@type\":\"PropertyValueSpecification\",\"valueRequired\":true,\"valueName\":\"search_term_string\"}}],\"inLanguage\":\"es\"},{\"@type\":\"Organization\",\"@id\":\"https:\/\/www.pack-novate.com\/#organization\",\"name\":\"Pack Novate\",\"url\":\"https:\/\/www.pack-novate.com\/\",\"logo\":{\"@type\":\"ImageObject\",\"inLanguage\":\"es\",\"@id\":\"https:\/\/www.pack-novate.com\/#\/schema\/logo\/image\/\",\"url\":\"https:\/\/www.pack-novate.com\/wp-content\/uploads\/2024\/07\/Pack-Novate-Logo-1.svg\",\"contentUrl\":\"https:\/\/www.pack-novate.com\/wp-content\/uploads\/2024\/07\/Pack-Novate-Logo-1.svg\",\"width\":1080,\"height\":1080,\"caption\":\"Pack Novate\"},\"image\":{\"@id\":\"https:\/\/www.pack-novate.com\/#\/schema\/logo\/image\/\"},\"sameAs\":[\"https:\/\/www.facebook.com\/packnovate\/\",\"https:\/\/x.com\/PackNovate\",\"https:\/\/www.linkedin.com\/company\/pack-novate\",\"https:\/\/www.youtube.com\/@Pack-Novate\"],\"description\":\"At Pack Novate, we are at the forefront of packaging innovation, providing comprehensive solutions tailored to meet the evolving needs of our clients across various industries. Our expertise spans tobacco, molasses, spare parts, tech support, track and trace, and innovative packaging solutions, ensuring precision, reliability, and excellence in every project we undertake. Our Solutions: Tobacco Packaging: Ensuring product freshness and compliance with industry standards. Molasses Packaging: Specialized solutions for the unique needs of molasses products. Spare Parts: Reliable and high-quality spare parts to keep your operations running smoothly. Tech Support: Comprehensive technical support to optimize your packaging systems. Track and Trace: Advanced tracking solutions to enhance product security and transparency. Innovative Solutions: Custom packaging solutions that push the boundaries of innovation. Master Case: Efficient and secure master case solutions for large-scale operations. Other Packaging Solutions: Versatile solutions to meet diverse packaging needs. Connect with us to discover how Pack Novate can enhance your packaging processes and drive your business forward. Together, we can achieve excellence in every package.\",\"email\":\"info@pack-novate.com\",\"telephone\":\"+ 34 600698237\",\"legalName\":\"Pack Novate\",\"foundingDate\":\"2024-01-01\",\"numberOfEmployees\":{\"@type\":\"QuantitativeValue\",\"minValue\":\"11\",\"maxValue\":\"50\"}}]}<\/script>\n<!-- \/ Yoast SEO Premium plugin. -->","yoast_head_json":{"title":"Appointment | Pack Novate","robots":{"index":"index","follow":"follow","max-snippet":"max-snippet:-1","max-image-preview":"max-image-preview:large","max-video-preview":"max-video-preview:-1"},"canonical":"https:\/\/www.pack-novate.com\/es\/appointment\/","og_locale":"es_ES","og_type":"article","og_title":"Appointment","og_description":"From humble beginnings to becoming a leader in our field, we have consistently delivered top-quality services and solutions tailored to meet the unique needs of our clients. Our commitment to excellence and reliability drives everything we do, ensuring long-term success and satisfaction for those we serve. Get in touch today and let us assist you [&hellip;]","og_url":"https:\/\/www.pack-novate.com\/es\/appointment\/","og_site_name":"Pack Novate","article_publisher":"https:\/\/www.facebook.com\/packnovate\/","article_modified_time":"2025-01-09T12:25:20+00:00","twitter_card":"summary_large_image","twitter_site":"@PackNovate","twitter_misc":{"Tiempo de lectura":"1 minuto"},"schema":{"@context":"https:\/\/schema.org","@graph":[{"@type":"WebPage","@id":"https:\/\/www.pack-novate.com\/appointment\/","url":"https:\/\/www.pack-novate.com\/appointment\/","name":"Appointment | Pack Novate","isPartOf":{"@id":"https:\/\/www.pack-novate.com\/#website"},"datePublished":"2025-01-09T12:11:37+00:00","dateModified":"2025-01-09T12:25:20+00:00","breadcrumb":{"@id":"https:\/\/www.pack-novate.com\/appointment\/#breadcrumb"},"inLanguage":"es","potentialAction":[{"@type":"ReadAction","target":["https:\/\/www.pack-novate.com\/appointment\/"]}]},{"@type":"BreadcrumbList","@id":"https:\/\/www.pack-novate.com\/appointment\/#breadcrumb","itemListElement":[{"@type":"ListItem","position":1,"name":"Home","item":"https:\/\/www.pack-novate.com\/"},{"@type":"ListItem","position":2,"name":"Appointment"}]},{"@type":"WebSite","@id":"https:\/\/www.pack-novate.com\/#website","url":"https:\/\/www.pack-novate.com\/","name":"Paquete Novate","description":"Soluciones avanzadas para envases modernos","publisher":{"@id":"https:\/\/www.pack-novate.com\/#organization"},"potentialAction":[{"@type":"SearchAction","target":{"@type":"EntryPoint","urlTemplate":"https:\/\/www.pack-novate.com\/?s={search_term_string}"},"query-input":{"@type":"PropertyValueSpecification","valueRequired":true,"valueName":"search_term_string"}}],"inLanguage":"es"},{"@type":"Organization","@id":"https:\/\/www.pack-novate.com\/#organization","name":"Paquete Novate","url":"https:\/\/www.pack-novate.com\/","logo":{"@type":"ImageObject","inLanguage":"es","@id":"https:\/\/www.pack-novate.com\/#\/schema\/logo\/image\/","url":"https:\/\/www.pack-novate.com\/wp-content\/uploads\/2024\/07\/Pack-Novate-Logo-1.svg","contentUrl":"https:\/\/www.pack-novate.com\/wp-content\/uploads\/2024\/07\/Pack-Novate-Logo-1.svg","width":1080,"height":1080,"caption":"Pack Novate"},"image":{"@id":"https:\/\/www.pack-novate.com\/#\/schema\/logo\/image\/"},"sameAs":["https:\/\/www.facebook.com\/packnovate\/","https:\/\/x.com\/PackNovate","https:\/\/www.linkedin.com\/company\/pack-novate","https:\/\/www.youtube.com\/@Pack-Novate"],"description":"En Pack Novate, estamos a la vanguardia de la innovaci\u00f3n en empaques, ofreciendo soluciones integrales dise\u00f1adas para satisfacer las necesidades cambiantes de nuestros clientes en diversas industrias. Nuestra experiencia abarca tabaco, melaza, repuestos, soporte t\u00e9cnico, seguimiento y localizaci\u00f3n, y soluciones innovadoras de empaque, garantizando precisi\u00f3n, confiabilidad y excelencia en cada proyecto que emprendemos. Nuestras Soluciones: Empaquetado de Tabaco: Garantizamos la frescura del producto y el cumplimiento de los est\u00e1ndares de la industria. Empaquetado de Melaza: Soluciones especializadas para las necesidades \u00fanicas de los productos de melaza. Repuestos: Repuestos confiables y de alta calidad para mantener sus operaciones funcionando sin problemas. Soporte T\u00e9cnico: Soporte t\u00e9cnico integral para optimizar sus sistemas de empaque. Seguimiento y Localizaci\u00f3n: Soluciones avanzadas de rastreo para mejorar la seguridad y transparencia del producto. Soluciones Innovadoras: Soluciones de empaque personalizadas que superan los l\u00edmites de la innovaci\u00f3n. Caja Maestra: Soluciones de caja maestra eficientes y seguras para operaciones a gran escala. Otras Soluciones de Empaquetado: Soluciones vers\u00e1tiles para satisfacer diversas necesidades de empaque. Cont\u00e1ctenos para descubrir c\u00f3mo Pack Novate puede optimizar sus procesos de empaque e impulsar su negocio. Juntos, podemos lograr la excelencia en cada empaque.","email":"info@pack-novate.com","telephone":"+ 34 600698237","legalName":"Pack Novate","foundingDate":"2024-01-01","numberOfEmployees":{"@type":"QuantitativeValue","minValue":"11","maxValue":"50"}}]}},"_links":{"self":[{"href":"https:\/\/www.pack-novate.com\/es\/wp-json\/wp\/v2\/pages\/4624","targetHints":{"allow":["GET"]}}],"collection":[{"href":"https:\/\/www.pack-novate.com\/es\/wp-json\/wp\/v2\/pages"}],"about":[{"href":"https:\/\/www.pack-novate.com\/es\/wp-json\/wp\/v2\/types\/page"}],"author":[{"embeddable":true,"href":"https:\/\/www.pack-novate.com\/es\/wp-json\/wp\/v2\/users\/1"}],"replies":[{"embeddable":true,"href":"https:\/\/www.pack-novate.com\/es\/wp-json\/wp\/v2\/comments?post=4624"}],"version-history":[{"count":0,"href":"https:\/\/www.pack-novate.com\/es\/wp-json\/wp\/v2\/pages\/4624\/revisions"}],"wp:attachment":[{"href":"https:\/\/www.pack-novate.com\/es\/wp-json\/wp\/v2\/media?parent=4624"}],"curies":[{"name":"wp","href":"https:\/\/api.w.org\/{rel}","templated":true}]}}